{"id":1018,"date":"2024-12-21T23:22:57","date_gmt":"2024-12-22T02:22:57","guid":{"rendered":"https:\/\/radioimpacto993.com.ar\/?page_id=1018"},"modified":"2026-03-20T21:59:42","modified_gmt":"2026-03-21T00:59:42","slug":"quienes-somos","status":"publish","type":"page","link":"https:\/\/radioimpacto993.com.ar\/index.php\/quienes-somos\/","title":{"rendered":"Qui\u00e9nes Somos"},"content":{"rendered":"\n<div class=\"wp-block-group\"><div class=\"wp-block-group__inner-container is-layout-constrained wp-block-group-is-layout-constrained\">\n<blockquote class=\"wp-block-quote is-style-default is-layout-flow wp-block-quote-is-layout-flow\" style=\"text-decoration:underline;text-transform:capitalize\">\n<p style=\"font-size:24px\"><strong>Direcci\u00f3n Period\u00edstica<\/strong><\/p>\n<\/blockquote>\n\n\n\n<div class=\"wp-block-group\"><div class=\"wp-block-group__inner-container is-layout-constrained wp-block-group-is-layout-constrained\"><div class=\"wp-block-image\">\n<figure class=\"alignleft size-large is-resized\"><img decoding=\"async\" src=\"https:\/\/encrypted-tbn0.gstatic.com\/images?q=tbn:ANd9GcSSy0r8ix4yfdOhtfoTCKW2lFbd9gn9luRACg&amp;s\" alt=\"\" style=\"width:25px\"\/><\/figure>\n<\/div>\n\n\n<p style=\"font-size:20px;letter-spacing:0px\">Carlos Alberto G\u00f3mez (<a href=\"https:\/\/www.instagram.com\/carlosalbertogomez993\" target=\"_blank\" rel=\"noreferrer noopener\">@carlosalbertogomez993<\/a>)<\/p>\n\n\n\n<div style=\"height:10px\" aria-hidden=\"true\" class=\"wp-block-spacer\"><\/div>\n\n\n\n<hr class=\"wp-block-separator has-alpha-channel-opacity\"\/>\n<\/div><\/div>\n<\/div><\/div>\n","protected":false},"excerpt":{"rendered":"<p>Direcci\u00f3n Period\u00edstica Carlos Alberto G\u00f3mez (@carlosalbertogomez993)<\/p>\n","protected":false},"author":1,"featured_media":0,"parent":0,"menu_order":0,"comment_status":"closed","ping_status":"closed","template":"","meta":{"footnotes":""},"class_list":["post-1018","page","type-page","status-publish","hentry"],"jetpack_sharing_enabled":true,"_links":{"self":[{"href":"https:\/\/radioimpacto993.com.ar\/index.php\/wp-json\/wp\/v2\/pages\/1018","targetHints":{"allow":["GET"]}}],"collection":[{"href":"https:\/\/radioimpacto993.com.ar\/index.php\/wp-json\/wp\/v2\/pages"}],"about":[{"href":"https:\/\/radioimpacto993.com.ar\/index.php\/wp-json\/wp\/v2\/types\/page"}],"author":[{"embeddable":true,"href":"https:\/\/radioimpacto993.com.ar\/index.php\/wp-json\/wp\/v2\/users\/1"}],"replies":[{"embeddable":true,"href":"https:\/\/radioimpacto993.com.ar\/index.php\/wp-json\/wp\/v2\/comments?post=1018"}],"version-history":[{"count":9,"href":"https:\/\/radioimpacto993.com.ar\/index.php\/wp-json\/wp\/v2\/pages\/1018\/revisions"}],"predecessor-version":[{"id":2221,"href":"https:\/\/radioimpacto993.com.ar\/index.php\/wp-json\/wp\/v2\/pages\/1018\/revisions\/2221"}],"wp:attachment":[{"href":"https:\/\/radioimpacto993.com.ar\/index.php\/wp-json\/wp\/v2\/media?parent=1018"}],"curies":[{"name":"wp","href":"https:\/\/api.w.org\/{rel}","templated":true}]}}