{"id":16,"date":"2024-07-21T22:56:56","date_gmt":"2024-07-21T20:56:56","guid":{"rendered":"http:\/\/radioimpacto993.com.ar\/?page_id=16"},"modified":"2024-08-15T19:47:35","modified_gmt":"2024-08-15T22:47:35","slug":"radio-impacto-99-3-fm","status":"publish","type":"page","link":"https:\/\/radioimpacto993.com.ar\/index.php\/radio-impacto-99-3-fm\/","title":{"rendered":"Radio Impacto 99.3 FM"},"content":{"rendered":"\n<center><iframe loading=\"lazy\" src=\"https:\/\/sonic.cloudstreaming.eu\/cp\/widgets\/player\/single\/?p=9992\" height=\"110\" width=\"80%\" scrolling=\"no\" style=\"border:none;\"><\/iframe><\/center>\n\n\n<div class=\"wp-block-image is-style-default\">\n<figure class=\"aligncenter size-full\"><a href=\"https:\/\/wa.me\/5493516583030?text=Mi%20nombre%20es%20\" target=\"_blank\" rel=\"noreferrer noopener\"><img loading=\"lazy\" decoding=\"async\" width=\"300\" height=\"150\" src=\"http:\/\/radioimpacto993.com.ar\/wp-content\/uploads\/2024\/08\/whatsapp-contacto.png\" alt=\"\" class=\"wp-image-320\"\/><\/a><\/figure>\n<\/div>\n\n\n<div style=\"height:15px\" aria-hidden=\"true\" class=\"wp-block-spacer\"><\/div>\n\n\n\n<p class=\"has-text-align-center\" style=\"font-style:normal;font-weight:800\">Desde el Estudio Mayor \u201cRub\u00e9n \u2018Chino\u2019 Torri\u201d y desde el Estudio II \u00abRam\u00f3n \u2018Tito\u2019 Paz\u00bb, se producen programas informativo-period\u00edsticos y se generan m\u00faltiples transmisiones deportivas, con el sello propio que define a Radio Impacto como la aut\u00e9ntica frecuencia deportiva de la Ciudad de C\u00f3rdoba y la emisora l\u00edder en transmisiones deportivas del Interior del Pa\u00eds.<\/p>\n\n\n\n\n<div id=\"sb_youtube_sbyUC9icEn2W1aC3maKRgJ3g1\" \n\t class=\"sb_youtube sby_layout_grid sby_col_1 sby_mob_col_1 sby_palette_custom  sby_width_resp\" \n\tdata-feedid=\"sby_UC9ic-En2_W1aC3maK_RgJ3g#1\" \n\tdata-shortcode-atts=\"{&quot;feed&quot;:&quot;1&quot;}\" \n\tdata-cols=\"1\" \n\tdata-colsmobile=\"1\" \n\tdata-num=\"1\" \n\tdata-nummobile=\"1\" \n\tdata-channel-subscribers=\"37 suscriptores\"\tdata-subscribe-btn=\"1\" \n\tdata-subscribe-btn-text=\"Suscr\u00edbete\" \n\tdata_channel_header_colors =\"{&quot;channelName&quot;:&quot;&quot;,&quot;subscribeCount&quot;:&quot;&quot;,&quot;buttonBackground&quot;:&quot;&quot;,&quot;buttonText&quot;:&quot;&quot;}\"\n\t data-sby-flags=\"resizeDisable,ajaxPostLoad\" data-postid=\"16\" data-sby-supports-lightbox=\"1\" \n\t data-videocardlayout=\"vertical\" \n>\n\t<div  class=\"sb_youtube_header sby-header-type-text\"  data-header-size=\"small\">\n    <span ><\/span>\n<\/div>        <div class=\"sby_items_wrap\" style=\"padding: 5px;\">\n\t\t    <\/div>\n    \n\t<div class=\"sby_footer\">\n\n    <button type=\"button\" aria-label=\"Load more content\" class=\"sby_load_btn\" style=\"background: rgb(244,24,24);\" >\n        <span class=\"sby_btn_text\" >Anteriores...<\/span>\n        <span class=\"sby_loader sby_hidden\" style=\"background-color: rgb(255, 255, 255);\"><\/span>\n    <\/button>\n\n    <span \n        class=\"sby_follow_btn sby_custom\" \n            >\n        <a \n            href=\"https:\/\/www.youtube.com\/channel\/UC9ic-En2_W1aC3maK_RgJ3g\/\"\n            style=\"background: rgb(43,103,41);\" \n            target=\"_blank\" \n            rel=\"noopener\"\n        >\n            <svg aria-hidden=\"true\" focusable=\"false\" data-prefix=\"fab\" data-icon=\"youtube\" role=\"img\" xmlns=\"http:\/\/www.w3.org\/2000\/svg\" viewBox=\"0 0 576 512\" class=\"svg-inline--fa fa-youtube fa-w-18\"><path fill=\"currentColor\" d=\"M549.655 124.083c-6.281-23.65-24.787-42.276-48.284-48.597C458.781 64 288 64 288 64S117.22 64 74.629 75.486c-23.497 6.322-42.003 24.947-48.284 48.597-11.412 42.867-11.412 132.305-11.412 132.305s0 89.438 11.412 132.305c6.281 23.65 24.787 41.5 48.284 47.821C117.22 448 288 448 288 448s170.78 0 213.371-11.486c23.497-6.321 42.003-24.171 48.284-47.821 11.412-42.867 11.412-132.305 11.412-132.305s0-89.438-11.412-132.305zm-317.51 213.508V175.185l142.739 81.205-142.739 81.201z\" class=\"\"><\/path><\/svg>            <span  >\n                Suscr\u00edbete            <\/span>\n        <\/a>\n    <\/span>\n<\/div>\n    \n\t\n<\/div>\n\n\t<style type=\"text\/css\">\n\t\t\tbody #sb_youtube_sbyUC9icEn2W1aC3maKRgJ3g1.sb_youtube.sby_palette_custom {\n\t\t\tbackground: #00000000;\n\t\t}\n    \t\t\t\t\t    <\/style>\n\t<style type=\"text\/css\">body #sb_youtube_sbyUC9icEn2W1aC3maKRgJ3g1 .sby-header-type-text { color: #FFFFFF !important}body #sb_youtube_sbyUC9icEn2W1aC3maKRgJ3g1 .sby_caption_wrap .sby_caption { font-size: 13px !important}body #sb_youtube_sbyUC9icEn2W1aC3maKRgJ3g1 .sby_follow_btn a:hover { box-shadow:inset 0 0 10px 20px rgb(255, 255, 255, .25) !important}body #sb_youtube_sbyUC9icEn2W1aC3maKRgJ3g1[data-videostyle=boxed] .sby_items_wrap .sby_item .sby_inner_item { background-color: #ffffff !important}<\/style><script type=\"text\/javascript\">if (typeof sbyOptions === \"undefined\") var sbyOptions = {\"adminAjaxUrl\":\"https:\\\/\\\/radioimpacto993.com.ar\\\/wp-admin\\\/admin-ajax.php\",\"placeholder\":\"https:\\\/\\\/radioimpacto993.com.ar\\\/wp-content\\\/plugins\\\/feeds-for-youtube\\\/img\\\/placeholder.png\",\"placeholderNarrow\":\"https:\\\/\\\/radioimpacto993.com.ar\\\/wp-content\\\/plugins\\\/feeds-for-youtube\\\/img\\\/placeholder-narrow.png\",\"lightboxPlaceholder\":\"https:\\\/\\\/radioimpacto993.com.ar\\\/wp-content\\\/plugins\\\/feeds-for-youtube\\\/img\\\/lightbox-placeholder.png\",\"lightboxPlaceholderNarrow\":\"https:\\\/\\\/radioimpacto993.com.ar\\\/wp-content\\\/plugins\\\/feeds-for-youtube\\\/img\\\/lightbox-placeholder-narrow.png\",\"autoplay\":true,\"semiEagerload\":false,\"eagerload\":false};<\/script><script type='text\/javascript' src='https:\/\/radioimpacto993.com.ar\/wp-content\/plugins\/feeds-for-youtube\/public\/build\/js\/sb-youtube.js'><\/script>\n\n\n\n<div style=\"height:45px\" aria-hidden=\"true\" class=\"wp-block-spacer\"><\/div>\n\n\n<div class=\"wp-block-image\">\n<figure class=\"aligncenter size-full\"><img loading=\"lazy\" decoding=\"async\" width=\"298\" height=\"87\" src=\"http:\/\/radioimpacto993.com.ar\/wp-content\/uploads\/2024\/07\/LOGO-RI-TRANSPARENTE.png\" alt=\"\" class=\"wp-image-75\"\/><\/figure>\n<\/div>\n\n\n<div style=\"height:100px\" aria-hidden=\"true\" class=\"wp-block-spacer\"><\/div>\n","protected":false},"excerpt":{"rendered":"<p>Desde el Estudio Mayor \u201cRub\u00e9n \u2018Chino\u2019 Torri\u201d y desde el Estudio II \u00abRam\u00f3n \u2018Tito\u2019 Paz\u00bb, se producen programas informativo-period\u00edsticos y se generan m\u00faltiples transmisiones deportivas, con el sello propio que&hellip;<\/p>\n","protected":false},"author":1,"featured_media":0,"parent":0,"menu_order":0,"comment_status":"closed","ping_status":"closed","template":"","meta":{"footnotes":""},"class_list":["post-16","page","type-page","status-publish","hentry"],"jetpack_sharing_enabled":true,"_links":{"self":[{"href":"https:\/\/radioimpacto993.com.ar\/index.php\/wp-json\/wp\/v2\/pages\/16","targetHints":{"allow":["GET"]}}],"collection":[{"href":"https:\/\/radioimpacto993.com.ar\/index.php\/wp-json\/wp\/v2\/pages"}],"about":[{"href":"https:\/\/radioimpacto993.com.ar\/index.php\/wp-json\/wp\/v2\/types\/page"}],"author":[{"embeddable":true,"href":"https:\/\/radioimpacto993.com.ar\/index.php\/wp-json\/wp\/v2\/users\/1"}],"replies":[{"embeddable":true,"href":"https:\/\/radioimpacto993.com.ar\/index.php\/wp-json\/wp\/v2\/comments?post=16"}],"version-history":[{"count":40,"href":"https:\/\/radioimpacto993.com.ar\/index.php\/wp-json\/wp\/v2\/pages\/16\/revisions"}],"predecessor-version":[{"id":582,"href":"https:\/\/radioimpacto993.com.ar\/index.php\/wp-json\/wp\/v2\/pages\/16\/revisions\/582"}],"wp:attachment":[{"href":"https:\/\/radioimpacto993.com.ar\/index.php\/wp-json\/wp\/v2\/media?parent=16"}],"curies":[{"name":"wp","href":"https:\/\/api.w.org\/{rel}","templated":true}]}}