{"id":24,"date":"2024-07-21T22:58:00","date_gmt":"2024-07-21T20:58:00","guid":{"rendered":"http:\/\/radioimpacto993.com.ar\/?page_id=24"},"modified":"2024-08-08T20:14:10","modified_gmt":"2024-08-08T23:14:10","slug":"impacto-cordoba-web-plus","status":"publish","type":"page","link":"https:\/\/radioimpacto993.com.ar\/index.php\/impacto-cordoba-web-plus\/","title":{"rendered":"ICW Plus"},"content":{"rendered":"\n<center><iframe loading=\"lazy\" src=\"https:\/\/sonic.cloudstreaming.eu\/cp\/widgets\/player\/single\/?p=9980\" height=\"110\" width=\"80%\" scrolling=\"no\" style=\"border:none;\"><\/iframe><\/center>\n\n\n\n<div style=\"height:45px\" aria-hidden=\"true\" class=\"wp-block-spacer\"><\/div>\n\n\n\n<p class=\"has-text-align-center\" style=\"font-style:normal;font-weight:800\">Impacto C\u00f3rdoba Web Plus es la segunda Radio On Line de La Deportiva de C\u00f3rdoba. Una se\u00f1al enteramente digital, destinada a acompa\u00f1arte con buena m\u00fasica y flashes informativos durante las 24 horas.<\/p>\n\n\n\n<div style=\"height:45px\" aria-hidden=\"true\" class=\"wp-block-spacer\"><\/div>\n\n\n<div class=\"wp-block-image\">\n<figure class=\"aligncenter size-full\"><img loading=\"lazy\" decoding=\"async\" width=\"300\" height=\"288\" src=\"http:\/\/radioimpacto993.com.ar\/wp-content\/uploads\/2024\/07\/LOGO-ICWPLUS.png\" alt=\"\" class=\"wp-image-73\"\/><\/figure>\n<\/div>\n\n\n<p><\/p>\n","protected":false},"excerpt":{"rendered":"<p>Impacto C\u00f3rdoba Web Plus es la segunda Radio On Line de La Deportiva de C\u00f3rdoba. Una se\u00f1al enteramente digital, destinada a acompa\u00f1arte con buena m\u00fasica y flashes informativos durante las&hellip;<\/p>\n","protected":false},"author":1,"featured_media":0,"parent":0,"menu_order":0,"comment_status":"closed","ping_status":"closed","template":"","meta":{"footnotes":""},"class_list":["post-24","page","type-page","status-publish","hentry"],"jetpack_sharing_enabled":true,"_links":{"self":[{"href":"https:\/\/radioimpacto993.com.ar\/index.php\/wp-json\/wp\/v2\/pages\/24","targetHints":{"allow":["GET"]}}],"collection":[{"href":"https:\/\/radioimpacto993.com.ar\/index.php\/wp-json\/wp\/v2\/pages"}],"about":[{"href":"https:\/\/radioimpacto993.com.ar\/index.php\/wp-json\/wp\/v2\/types\/page"}],"author":[{"embeddable":true,"href":"https:\/\/radioimpacto993.com.ar\/index.php\/wp-json\/wp\/v2\/users\/1"}],"replies":[{"embeddable":true,"href":"https:\/\/radioimpacto993.com.ar\/index.php\/wp-json\/wp\/v2\/comments?post=24"}],"version-history":[{"count":12,"href":"https:\/\/radioimpacto993.com.ar\/index.php\/wp-json\/wp\/v2\/pages\/24\/revisions"}],"predecessor-version":[{"id":497,"href":"https:\/\/radioimpacto993.com.ar\/index.php\/wp-json\/wp\/v2\/pages\/24\/revisions\/497"}],"wp:attachment":[{"href":"https:\/\/radioimpacto993.com.ar\/index.php\/wp-json\/wp\/v2\/media?parent=24"}],"curies":[{"name":"wp","href":"https:\/\/api.w.org\/{rel}","templated":true}]}}