{"id":40,"date":"2024-07-21T23:20:26","date_gmt":"2024-07-21T21:20:26","guid":{"rendered":"http:\/\/radioimpacto993.com.ar\/?page_id=40"},"modified":"2024-08-05T13:52:22","modified_gmt":"2024-08-05T16:52:22","slug":"40-2","status":"publish","type":"page","link":"https:\/\/radioimpacto993.com.ar\/index.php\/40-2\/","title":{"rendered":"Nuestra Historia"},"content":{"rendered":"\n<p>Radio Impacto, 99.3 FM, La Deportiva, hoy es una marca registrada. Con su sello propio que la caracteriza, es identificada en C\u00f3rdoba, el pa\u00eds y el mundo.<\/p>\n\n\n\n<p>Encabezada por Carlos Alberto G\u00f3mez, Radio Impacto naci\u00f3 producto de un sue\u00f1o y se convirti\u00f3, con esfuerzo y dedicaci\u00f3n, en una realidad que hoy enorgullece a quienes forman parte de ella.<\/p>\n\n\n\n<figure class=\"wp-block-embed aligncenter is-type-video is-provider-youtube wp-block-embed-youtube wp-embed-aspect-16-9 wp-has-aspect-ratio\"><div class=\"wp-block-embed__wrapper\">\n<iframe loading=\"lazy\" title=\"Radio Impacto 99.3 FM - Institucional\" width=\"500\" height=\"281\" src=\"https:\/\/www.youtube.com\/embed\/EN5j9LBxUXw?feature=oembed\" frameborder=\"0\" allow=\"accelerometer; autoplay; clipboard-write; encrypted-media; gyroscope; picture-in-picture; web-share\" referrerpolicy=\"strict-origin-when-cross-origin\" allowfullscreen><\/iframe>\n<\/div><\/figure>\n\n\n\n<p>El 1 de marzo de 1996 hac\u00eda su aparici\u00f3n en el aire de C\u00f3rdoba una nueva se\u00f1al. Desde un local del Pasaje Mu\u00f1oz, la frecuencia 99.3 comenzaba a inundar el aire con sus sonidos, \u201cgolpeando los sentidos\u201d, tal como rezaba su primer slogan.<\/p>\n\n\n\n<p>La radio daba sus primeros pasos con un formato de programaci\u00f3n b\u00e1sica, alternando informativos con programas musicales. Y una suave melod\u00eda comenzaba a encontrar eco en una audiencia exigente.<\/p>\n\n\n\n<p>Desde aquel primer oyente que marc\u00f3 en su tel\u00e9fono el viejo 25-80-0-1 o el primer anunciante que confi\u00f3 en este producto para llegar a sus clientes, Radio Impacto comenz\u00f3 a forjar con cada cordob\u00e9s que la reconoc\u00eda un v\u00ednculo tan fuerte que fue capaz de perdurar en el tiempo y de acompa\u00f1arla en el crecimiento.<\/p>\n\n\n\n<p>En busca de su propia identidad comunicacional, a finales de aquel 1996 el equipo que Carlos Alberto G\u00f3mez hab\u00eda conformado advirti\u00f3 que, en C\u00f3rdoba, hab\u00eda un espacio que le demandaba atenci\u00f3n. Y as\u00ed fue que la Liga Local de F\u00fatbol, en ese entonces Asociaci\u00f3n Cordobesa o ACF, encontr\u00f3 en Radio Impacto el lugar en los medios que parec\u00eda haber perdido con el correr de los a\u00f1os.<\/p>\n\n\n\n<p>Con aquellas transmisiones enredadas en largos cables, con antenas dif\u00edciles de orientar, y sin la existencia a\u00fan de celulares corporativos o programas de computaci\u00f3n, hacer radio era dibujar en el aire de C\u00f3rdoba un paisaje impregnado de pasi\u00f3n, contagiando a este mundo de un esp\u00edritu de esfuerzo y dedicaci\u00f3n que nunca no se ha perdido. La \u201cImpacto FM\u201d pasaba a ser \u201cRadio Impacto\u201d.<\/p>\n\n\n<div class=\"wp-block-image\">\n<figure class=\"aligncenter size-full is-resized\"><img loading=\"lazy\" decoding=\"async\" width=\"819\" height=\"1024\" src=\"http:\/\/radioimpacto993.com.ar\/wp-content\/uploads\/2024\/07\/1-819x1024-1.jpg\" alt=\"\" class=\"wp-image-134\" style=\"width:500px\" srcset=\"https:\/\/radioimpacto993.com.ar\/wp-content\/uploads\/2024\/07\/1-819x1024-1.jpg 819w, https:\/\/radioimpacto993.com.ar\/wp-content\/uploads\/2024\/07\/1-819x1024-1-240x300.jpg 240w, https:\/\/radioimpacto993.com.ar\/wp-content\/uploads\/2024\/07\/1-819x1024-1-768x960.jpg 768w\" sizes=\"auto, (max-width: 819px) 100vw, 819px\" \/><\/figure>\n<\/div>\n\n\n<div style=\"height:15px\" aria-hidden=\"true\" class=\"wp-block-spacer\"><\/div>\n\n\n\n<p>Las transmisiones deportivas le dieron un diferencial a la radio y fueron creando su nueva visi\u00f3n de empresa. El \u201cSentimos el Deporte\u201d de aquellos d\u00edas presagiaba un futuro alentador.<\/p>\n\n\n\n<p>Trasladar los estudios al piso m\u00e1s alto de la Torre Angela, en aquel entonces el mayor edificio de la Ciudad de C\u00f3rdoba, fue una apuesta que dio sus frutos. Radio Impacto estaba haciendo historia y volando alto. El deporte ya era la esencia y el todo en una frecuencia de radio.<\/p>\n\n\n\n<p>En el a\u00f1o 1999 se iniciaron las transmisiones de Atenas en la Liga Nacional de B\u00e1squet y la cobertura period\u00edstica abarcaba ya a todos los partidos de Talleres, Belgrano, Instituto, Racing, Juniors y otros equipos de C\u00f3rdoba, ahora sigui\u00e9ndolos con periodistas propios por todo el pa\u00eds.<\/p>\n\n\n\n<p>En febrero de 2001, la radio alcanza su condici\u00f3n de referente en el \u00e1mbito del periodismo deportivo local y traslada sus estudios al c\u00e9ntrico Garden Factory. Desde entonces, el desarrollo de los productos radiales comenz\u00f3 a crecer geom\u00e9tricamente y sin pausa en lo que refiere a cobertura, profesionalidad y estructura t\u00e9cnica.<\/p>\n\n\n\n<p>A trav\u00e9s de los micr\u00f3fonos de Radio Impacto se reflejaban ascensos y descensos, participaciones internacionales y vaivenes institucionales. Pero nunca dejaba de estar presente el respeto por las ra\u00edces. Y un hecho era innegable: Radio Impacto era ya \u201cLa Deportiva de C\u00f3rdoba\u201d.<\/p>\n\n\n\n<p>Llegaron las nominaciones a los Premios C\u00f3ndor C\u00f3rdoba Deportes, el Premio El Equipo del Instituto Deportac y los reconocimientos de entidades oficiales y privadas a un trabajo que generaba sensaci\u00f3n de pertenencia y que convert\u00eda a Radio Impacto en uno de los mejores lugares para ejercer el periodismo.<\/p>\n\n\n<div class=\"wp-block-image\">\n<figure class=\"aligncenter size-full\"><img loading=\"lazy\" decoding=\"async\" width=\"1024\" height=\"921\" src=\"http:\/\/radioimpacto993.com.ar\/wp-content\/uploads\/2024\/07\/areadecobertura-e1679423831896-1024x921-1.jpg\" alt=\"\" class=\"wp-image-135\" srcset=\"https:\/\/radioimpacto993.com.ar\/wp-content\/uploads\/2024\/07\/areadecobertura-e1679423831896-1024x921-1.jpg 1024w, https:\/\/radioimpacto993.com.ar\/wp-content\/uploads\/2024\/07\/areadecobertura-e1679423831896-1024x921-1-300x270.jpg 300w, https:\/\/radioimpacto993.com.ar\/wp-content\/uploads\/2024\/07\/areadecobertura-e1679423831896-1024x921-1-768x691.jpg 768w\" sizes=\"auto, (max-width: 1024px) 100vw, 1024px\" \/><\/figure>\n<\/div>\n\n\n<div style=\"height:15px\" aria-hidden=\"true\" class=\"wp-block-spacer\"><\/div>\n\n\n\n<p>En enero de 2005 Radio Impacto abre sus puertas al mundo e incursiona en la web. El sitio radioimpacto993.com.ar r\u00e1pidamente adquiri\u00f3 un lugar de privilegio, pues la tarea de reflejar en el cyber espacio la producci\u00f3n period\u00edstica de una radio con un estilo bien definido encontr\u00f3 adeptos en todo el planeta.<\/p>\n\n\n\n<p>No todo era sencillo. En aquel 2005, un incendio en el edificio en el que operaba la emisora apag\u00f3 la se\u00f1al durante un par de semanas. Fue el momento m\u00e1s cr\u00edtico en la historia de un grupo de trabajadores cuya \u00fanica herramienta era la pasi\u00f3n por hacer radio. Pero fue ese mismo grupo de personas el que trabajando d\u00eda y noche, codo a codo, puso a Radio Impacto nuevamente de pie. As\u00ed, antes de llegar a los 10 a\u00f1os de vida, Radio Impacto se descubr\u00eda a s\u00ed misma como una gran familia, convirtiendo para siempre al valor humano en lo m\u00e1s importante y en una condici\u00f3n innegociable.<\/p>\n\n\n\n<p>En 2006 se festejaron los diez a\u00f1os y hasta hubo espacio para grandes gustos. Radio Impacto puede sentirse orgullosa de haber tenido, y seguir teniendo, en su aire a los mejores locutores del pa\u00eds y a periodistas de jerarqu\u00eda internacional que engalanaron y engalan cada an\u00e1lisis y cada expresi\u00f3n comunicacional.<\/p>\n\n\n<div class=\"wp-block-image\">\n<figure class=\"aligncenter size-full is-resized\"><img loading=\"lazy\" decoding=\"async\" width=\"387\" height=\"387\" src=\"http:\/\/radioimpacto993.com.ar\/wp-content\/uploads\/2024\/07\/CachoFontana.jpg\" alt=\"\" class=\"wp-image-136\" style=\"width:499px\" srcset=\"https:\/\/radioimpacto993.com.ar\/wp-content\/uploads\/2024\/07\/CachoFontana.jpg 387w, https:\/\/radioimpacto993.com.ar\/wp-content\/uploads\/2024\/07\/CachoFontana-300x300.jpg 300w, https:\/\/radioimpacto993.com.ar\/wp-content\/uploads\/2024\/07\/CachoFontana-150x150.jpg 150w\" sizes=\"auto, (max-width: 387px) 100vw, 387px\" \/><figcaption class=\"wp-element-caption\">Jorge \u00abCacho\u00bb Fontana fue locutor de Radio Impacto durante varios meses en el a\u00f1o 2006.<\/figcaption><\/figure>\n<\/div>\n\n\n<p>A mediados de 2006, ya instalada la emisora en los poderosos estudios de Galer\u00eda La Merced, coraz\u00f3n de nuestra peatonal cordobesa, Radio Impacto celebr\u00f3 un convenio con Radio Rivadavia de Buenos Aires. Desde aquella copa FIFA disputada en Alemania y hasta el a\u00f1o 2013, Radio Impacto fue el medio elegido por la radio m\u00e1s hist\u00f3rica del pa\u00eds y el l\u00edder mundial en deportes, ESPN, para retransmitir sus productos en C\u00f3rdoba Capital, una de las ciudades m\u00e1s importantes de Argentina.<\/p>\n\n\n\n<p>ESPN Radio le signific\u00f3 a Radio Impacto ampliar su espectro de cobertura y desde ese momento no hubo torneo de primera divisi\u00f3n de Argentina, certamen internacional o amistoso de selecci\u00f3n que no llegase a C\u00f3rdoba a trav\u00e9s del 99.3. Y el crecimiento se plasmaba en resultados.<\/p>\n\n\n\n<p>El camino recorrido y la experiencia obtenida hicieron que 2011 y 2012 fuesen otros a\u00f1os de gran crecimiento para la frecuencia deportiva por excelencia, que ya no era s\u00f3lo de C\u00f3rdoba sino una referente del interior del pa\u00eds todo.<\/p>\n\n\n\n<figure class=\"wp-block-embed aligncenter is-type-video is-provider-youtube wp-block-embed-youtube wp-embed-aspect-4-3 wp-has-aspect-ratio\"><div class=\"wp-block-embed__wrapper\">\n<iframe loading=\"lazy\" title=\"Radio Impacto 99.3 FM, 15 a\u00f1os... Juntos!\" width=\"500\" height=\"375\" src=\"https:\/\/www.youtube.com\/embed\/0pjXEOyItD8?feature=oembed\" frameborder=\"0\" allow=\"accelerometer; autoplay; clipboard-write; encrypted-media; gyroscope; picture-in-picture; web-share\" referrerpolicy=\"strict-origin-when-cross-origin\" allowfullscreen><\/iframe>\n<\/div><\/figure>\n\n\n\n<p>Las transmisiones de Boca Juniors, River Plate, San Lorenzo, Independiente y Racing Club, desde el lugar de los hechos y con periodistas propios, eran muestra de lo que vendr\u00eda: Radio Impacto 99.3 FM, La Deportiva de C\u00f3rdoba, acompa\u00f1ar\u00eda con periodistas propios todo el andar de la Selecci\u00f3n Nacional a lo largo de las eliminatorias rumbo a Brasil 2014.<\/p>\n\n\n\n<p>Junto a ESPN 107.9 de Buenos Aires, la Copa disputada en el pa\u00eds vecino se escuch\u00f3 como nunca en C\u00f3rdoba, con una calidad t\u00e9cnica y period\u00edstica sin precedentes en la radiofon\u00eda mediterr\u00e1nea.<\/p>\n\n\n\n<p>El 99.3 del dial fue testigo del \u201cImpacto Mundial\u201d que convirti\u00f3 a Radio Impacto en \u201cla radio del deporte\u201d en el Interior del Pa\u00eds. As\u00ed fue tomando forma la flamante \u201cCadena Deportiva Impacto\u201d, integrada por ya m\u00e1s de 30 radios plenamente autorizadas para retransmitir los productos comunicaciones de La Deportiva de C\u00f3rdoba conforme a sus propios criterios de programaci\u00f3n.<\/p>\n\n\n<div class=\"wp-block-image\">\n<figure class=\"aligncenter size-full is-resized\"><img loading=\"lazy\" decoding=\"async\" width=\"500\" height=\"600\" src=\"http:\/\/radioimpacto993.com.ar\/wp-content\/uploads\/2024\/07\/RubenTorri-1.jpg\" alt=\"\" class=\"wp-image-137\" style=\"width:500px\" srcset=\"https:\/\/radioimpacto993.com.ar\/wp-content\/uploads\/2024\/07\/RubenTorri-1.jpg 500w, https:\/\/radioimpacto993.com.ar\/wp-content\/uploads\/2024\/07\/RubenTorri-1-250x300.jpg 250w\" sizes=\"auto, (max-width: 500px) 100vw, 500px\" \/><figcaption class=\"wp-element-caption\">Rub\u00e9n \u00abChino\u00bb Torri, Maestro de Periodistas. El estudio Mayor de Radio Impacto lleva su nombre.<\/figcaption><\/figure>\n<\/div>\n\n<div class=\"wp-block-image\">\n<figure class=\"aligncenter size-full is-resized\"><img loading=\"lazy\" decoding=\"async\" width=\"500\" height=\"600\" src=\"http:\/\/radioimpacto993.com.ar\/wp-content\/uploads\/2024\/07\/TitoPaz-1.jpg\" alt=\"\" class=\"wp-image-138\" style=\"width:500px\" srcset=\"https:\/\/radioimpacto993.com.ar\/wp-content\/uploads\/2024\/07\/TitoPaz-1.jpg 500w, https:\/\/radioimpacto993.com.ar\/wp-content\/uploads\/2024\/07\/TitoPaz-1-250x300.jpg 250w\" sizes=\"auto, (max-width: 500px) 100vw, 500px\" \/><figcaption class=\"wp-element-caption\">Ram\u00f3n \u00abTito\u00bb Paz, La Voz de Platino. El estudio 2 de Radio Impacto y de Impacto C\u00f3rdoba Web lleva su nombre.<\/figcaption><\/figure>\n<\/div>\n\n<div class=\"wp-block-image\">\n<figure class=\"aligncenter size-full is-resized\"><img loading=\"lazy\" decoding=\"async\" width=\"500\" height=\"600\" src=\"http:\/\/radioimpacto993.com.ar\/wp-content\/uploads\/2024\/07\/BetoFerrario-1.jpg\" alt=\"\" class=\"wp-image-139\" style=\"width:500px\" srcset=\"https:\/\/radioimpacto993.com.ar\/wp-content\/uploads\/2024\/07\/BetoFerrario-1.jpg 500w, https:\/\/radioimpacto993.com.ar\/wp-content\/uploads\/2024\/07\/BetoFerrario-1-250x300.jpg 250w\" sizes=\"auto, (max-width: 500px) 100vw, 500px\" \/><figcaption class=\"wp-element-caption\">Jos\u00e9 Alberto \u00abBeto\u00bb Ferrario. Las transmisiones de Radio Impacto y de ICW llevan su nombre.<\/figcaption><\/figure>\n<\/div>\n\n\n<p>Radio Impacto alcanz\u00f3 la mayor\u00eda de edad con un lugar de privilegio definitivamente ganado en la audiencia, con estudios centrales de alta gama instalados en la Mansi\u00f3n de 9 de Julio 1159 y con una proyecci\u00f3n internacional reflejada en sucesivos premios empresariales otorgados en virtud de estudios reales de marketing y comunicaci\u00f3n realizados con m\u00e1xima profesionalidad.<\/p>\n\n\n<div class=\"wp-block-image\">\n<figure class=\"aligncenter size-full is-resized\"><img loading=\"lazy\" decoding=\"async\" width=\"819\" height=\"1024\" src=\"http:\/\/radioimpacto993.com.ar\/wp-content\/uploads\/2024\/07\/Mansion-819x1024-1.jpg\" alt=\"\" class=\"wp-image-140\" style=\"width:500px\" srcset=\"https:\/\/radioimpacto993.com.ar\/wp-content\/uploads\/2024\/07\/Mansion-819x1024-1.jpg 819w, https:\/\/radioimpacto993.com.ar\/wp-content\/uploads\/2024\/07\/Mansion-819x1024-1-240x300.jpg 240w, https:\/\/radioimpacto993.com.ar\/wp-content\/uploads\/2024\/07\/Mansion-819x1024-1-768x960.jpg 768w\" sizes=\"auto, (max-width: 819px) 100vw, 819px\" \/><\/figure>\n<\/div>\n\n\n<div style=\"height:15px\" aria-hidden=\"true\" class=\"wp-block-spacer\"><\/div>\n\n\n\n<p>Pasan los a\u00f1os y Radio Impacto conserva el punto identificatorio de siempre y aquel que no se perder\u00e1 jam\u00e1s: El deporte en primer lugar.<\/p>\n\n\n\n<p>Nuestro \u201cSentimos lo mismo\u201d de cada d\u00eda resume el v\u00ednculo establecido con bases s\u00f3lidas entre Radio Impacto, sus integrantes y sus oyentes. Toda nuestra historia es gracias a ustedes\u2026<\/p>\n\n\n<div class=\"wp-block-image\">\n<figure class=\"aligncenter size-full is-resized\"><img loading=\"lazy\" decoding=\"async\" width=\"777\" height=\"1024\" src=\"http:\/\/radioimpacto993.com.ar\/wp-content\/uploads\/2024\/07\/08-03-2023-DECLARACION.jpg\" alt=\"\" class=\"wp-image-141\" style=\"width:500px\" srcset=\"https:\/\/radioimpacto993.com.ar\/wp-content\/uploads\/2024\/07\/08-03-2023-DECLARACION.jpg 777w, https:\/\/radioimpacto993.com.ar\/wp-content\/uploads\/2024\/07\/08-03-2023-DECLARACION-228x300.jpg 228w, https:\/\/radioimpacto993.com.ar\/wp-content\/uploads\/2024\/07\/08-03-2023-DECLARACION-768x1012.jpg 768w\" sizes=\"auto, (max-width: 777px) 100vw, 777px\" \/><\/figure>\n<\/div>","protected":false},"excerpt":{"rendered":"<p>Radio Impacto, 99.3 FM, La Deportiva, hoy es una marca registrada. Con su sello propio que la caracteriza, es identificada en C\u00f3rdoba, el pa\u00eds y el mundo. Encabezada por Carlos&hellip;<\/p>\n","protected":false},"author":1,"featured_media":0,"parent":0,"menu_order":0,"comment_status":"closed","ping_status":"closed","template":"","meta":{"footnotes":""},"class_list":["post-40","page","type-page","status-publish","hentry"],"jetpack_sharing_enabled":true,"_links":{"self":[{"href":"https:\/\/radioimpacto993.com.ar\/index.php\/wp-json\/wp\/v2\/pages\/40","targetHints":{"allow":["GET"]}}],"collection":[{"href":"https:\/\/radioimpacto993.com.ar\/index.php\/wp-json\/wp\/v2\/pages"}],"about":[{"href":"https:\/\/radioimpacto993.com.ar\/index.php\/wp-json\/wp\/v2\/types\/page"}],"author":[{"embeddable":true,"href":"https:\/\/radioimpacto993.com.ar\/index.php\/wp-json\/wp\/v2\/users\/1"}],"replies":[{"embeddable":true,"href":"https:\/\/radioimpacto993.com.ar\/index.php\/wp-json\/wp\/v2\/comments?post=40"}],"version-history":[{"count":15,"href":"https:\/\/radioimpacto993.com.ar\/index.php\/wp-json\/wp\/v2\/pages\/40\/revisions"}],"predecessor-version":[{"id":353,"href":"https:\/\/radioimpacto993.com.ar\/index.php\/wp-json\/wp\/v2\/pages\/40\/revisions\/353"}],"wp:attachment":[{"href":"https:\/\/radioimpacto993.com.ar\/index.php\/wp-json\/wp\/v2\/media?parent=40"}],"curies":[{"name":"wp","href":"https:\/\/api.w.org\/{rel}","templated":true}]}}